{"id":9,"date":"2021-05-17T11:41:43","date_gmt":"2021-05-17T11:41:43","guid":{"rendered":"http:\/\/localhost\/fishing\/?page_id=9"},"modified":"2025-06-21T06:05:03","modified_gmt":"2025-06-21T06:05:03","slug":"contact-us","status":"publish","type":"page","link":"https:\/\/staraq.com\/es\/contacte-con-nosotros\/","title":{"rendered":"P\u00f3ngase en contacto con nosotros"},"content":{"rendered":"<div class=\"wpb-content-wrapper\"><div data-vc-full-width=\"true\" data-vc-full-width-init=\"false\" class=\"tm-row wpb_row vc_row-fluid vc_custom_1625229613684 tm-responsive-custom-95286344 vc_column-gap-default break-991-colum tm-zindex-0 tm-bgcolor-grey tm-bgimage-position-center_center\">\n\n\t\t\n\t <div class=\"vc_row container vc_column-gap-default\"> \t\n\t\t\n\n<div class=\"wpb_column tm-column vc_column_container vc_col-sm-12 tm-zindex-0\">\n\t<div class=\"vc_column-inner\">\n\t\t\t\t<div class=\"wpb_wrapper\">\n\t\t\t<div class=\"tm-element-heading-wrapper tm-heading-inner tm-element-align-center tm-seperator-solid tm-heading-style-vertical\"><section class=\"tm-vc_cta3-container\"><div class=\"tm-vc_general tm-vc_cta3 tm-cta3-only tm-vc_cta3-style-classic tm-vc_cta3-shape-rounded tm-vc_cta3-align-center tm-vc_cta3-color-transparent tm-vc_cta3-icon-size-md tm-vc_cta3-actions-no tm-cta3-with-desc\"><div class=\"tm-vc_cta3_content-container\"><div class=\"tm-vc_cta3-content\"><header class=\"tm-vc_cta3-content-header tm-wrap\"><div class=\"tm-vc_cta3-headers tm-wrap-cell\"><h4 class=\"tm-custom-heading\" >P\u00f3ngase en contacto<\/h4>\n<h2 class=\"tm-custom-heading\" >\u00bfTiene alguna pregunta?<\/h2>\n<\/div><div class=\"heading-seperator\"><span><\/span><\/div><\/header><div class=\"tm-cta3-content-wrapper\"><p>Nuestros experimentados equipos est\u00e1n a su disposici\u00f3n todos los d\u00edas. Pida presupuesto hoy mismo.<\/p><\/div><\/div><\/div><\/div><\/section><\/div> <!-- .tm-element-heading-wrapper container --> \n<div class=\"tm-row-inner vc_row wpb_row vc_inner vc_row-fluid border-rad-5px vc_custom_1626074235642 tm-responsive-custom-11711807 vc_row-o-equal-height vc_row-flex tm-zindex-0\">\n\t\n<div class=\"wpb_column tm-column-inner vc_column_container vc_col-sm-8 tm-zindex-0\">\n\t<div class=\"vc_column-inner vc_custom_1626074254649 tm-col-bgcolor-white tm-col-bgcolor-yes tm-responsive-custom-57693917\">\n\t\t<div class=\"tm-col-wrapper-bg-layer tm-bg-layer\"><div class=\"tm-bg-layer-inner\"><\/div><\/div> \n\t\t<div class=\"wpb_wrapper\">\n\t\t\t\n<div class=\"wpcf7 no-js\" id=\"wpcf7-f892-o1\" lang=\"en-US\" dir=\"ltr\" data-wpcf7-id=\"892\">\n<div class=\"screen-reader-response\"><p role=\"status\" aria-live=\"polite\" aria-atomic=\"true\"><\/p> <ul><\/ul><\/div>\n<form action=\"\/es\/wp-json\/wp\/v2\/pages\/9#wpcf7-f892-o1\" method=\"post\" class=\"wpcf7-form init\" aria-label=\"Formulario de contacto\" novalidate=\"novalidate\" data-status=\"init\" data-trp-original-action=\"\/es\/wp-json\/wp\/v2\/pages\/9#wpcf7-f892-o1\">\n<div style=\"display: none;\">\n<input type=\"hidden\" name=\"_wpcf7\" value=\"892\" \/>\n<input type=\"hidden\" name=\"_wpcf7_version\" value=\"6.0.6\" \/>\n<input type=\"hidden\" name=\"_wpcf7_locale\" value=\"en_US\" \/>\n<input type=\"hidden\" name=\"_wpcf7_unit_tag\" value=\"wpcf7-f892-o1\" \/>\n<input type=\"hidden\" name=\"_wpcf7_container_post\" value=\"0\" \/>\n<input type=\"hidden\" name=\"_wpcf7_posted_data_hash\" value=\"\" \/>\n<input type=\"hidden\" name=\"_wpcf7_recaptcha_response\" value=\"\" \/>\n<\/div>\n<div class=\"tm-commonform tm-teamcontact-form\">\n\t<div class=\"row\">\n\t\t<div class=\"col-md-6\">\n\t\t\t<p><span class=\"wpcf7-form-control-wrap\" data-name=\"your-name\"><input size=\"40\" maxlength=\"400\" class=\"wpcf7-form-control wpcf7-text wpcf7-validates-as-required\" aria-required=\"true\" aria-invalid=\"false\" placeholder=\"Su nombre\" value=\"\" type=\"text\" name=\"your-name\" \/><\/span>\n\t\t\t<\/p>\n\t\t<\/div>\n\t\t<div class=\"col-md-6\">\n\t\t\t<p><span class=\"wpcf7-form-control-wrap\" data-name=\"your-email\"><input size=\"40\" maxlength=\"400\" class=\"wpcf7-form-control wpcf7-email wpcf7-validates-as-required wpcf7-text wpcf7-validates-as-email\" aria-required=\"true\" aria-invalid=\"false\" placeholder=\"Su correo electr\u00f3nico\" value=\"\" type=\"email\" name=\"your-email\" \/><\/span>\n\t\t\t<\/p>\n\t\t<\/div>\n\t<\/div>\n\t<div class=\"row\">\n\t\t<div class=\"col-md-6\">\n\t\t\t<p><span class=\"wpcf7-form-control-wrap\" data-name=\"your-phone\"><input size=\"40\" maxlength=\"400\" class=\"wpcf7-form-control wpcf7-text\" aria-invalid=\"false\" placeholder=\"N\u00famero de tel\u00e9fono\" value=\"\" type=\"text\" name=\"your-phone\" \/><\/span>\n\t\t\t<\/p>\n\t\t<\/div>\n\t\t<div class=\"col-md-6\">\n\t\t\t<p><span class=\"wpcf7-form-control-wrap\" data-name=\"subject\"><input size=\"40\" maxlength=\"400\" class=\"wpcf7-form-control wpcf7-text\" aria-invalid=\"false\" placeholder=\"Asunto\" value=\"\" type=\"text\" name=\"subject\" \/><\/span>\n\t\t\t<\/p>\n\t\t<\/div>\n\t<\/div>\n\t<div class=\"row\">\n\t\t<div class=\"col-md-12\">\n\t\t\t<p><span class=\"wpcf7-form-control-wrap\" data-name=\"your-message\"><textarea cols=\"42\" rows=\"5\" maxlength=\"2000\" class=\"wpcf7-form-control wpcf7-textarea\" aria-invalid=\"false\" placeholder=\"Mensaje\" name=\"your-message\"><\/textarea><\/span>\n\t\t\t<\/p>\n\t\t<\/div>\n\t<\/div>\n\t<div class=\"row\">\n\t\t<div class=\"col-md-12\">\n\t\t\t<p><input class=\"wpcf7-form-control wpcf7-submit has-spinner tm-vc_general tm-vc_btn3 tm-vc_btn3-size-md tm-vc_btn3-style-flat tm-vc_btn3-shape-rounded tm-vc_btn3-color-skincolor\" type=\"submit\" value=\"Enviar ahora\" \/>\n\t\t\t<div class=\"wpcf7-response-output\" aria-hidden=\"true\"><\/div>\n\t\t<\/div>\n\t<\/div>\n<\/div>\n<input type=\"hidden\" name=\"trp-form-language\" value=\"es\"\/><\/form>\n<\/div>\n\t\t<\/div>\n\t<\/div>\n<\/div>\n\n\n<div class=\"wpb_column tm-column-inner vc_column_container vc_col-sm-4 tm-zindex-0\">\n\t<div class=\"vc_column-inner vc_custom_1626074407594 tm-col-bgcolor-white tm-col-bgcolor-yes tm-responsive-custom-22111024\">\n\t\t<div class=\"tm-col-wrapper-bg-layer tm-bg-layer\"><div class=\"tm-bg-layer-inner\"><\/div><\/div> \n\t\t<div class=\"wpb_wrapper\">\n\t\t\t<div class=\"themetechmount-iconbox themetechmount-iconbox-styletwo\">\n\t<div class=\"themetechmount-iconbox-inner tm-textalign-left\">\n\t\t<div class=\"tm-iconbox-wrapper\">\n\t\t\t<div class=\"themetechmount-iconbox-icon\">\n\t\t\t\t<div class=\"tm-box-icon\"><i class=\"kw_aqovo flaticon-email\"><\/i><\/div>\t\n\t\t\t<\/div>\n\t\t\t<div class=\"themetechmount-iconbox-heading\">\n\t\t\t\t<div class=\"tm-vc_general tm-vc_cta3 tm-cta3-only tm-vc_cta3-style-classic tm-vc_cta3-shape-rounded tm-vc_cta3-align-left tm-vc_cta3-color-transparent tm-vc_cta3-icon-size-md tm-vc_cta3-actions-no tm-cta3-without-desc\"><div class=\"tm-vc_cta3_content-container\"><div class=\"tm-vc_cta3-content\"><div class=\"tm-vc_cta3-headers tm-wrap-cell\"><h2 style=\"font-size:19px;line-height:28px\" class=\"tm-custom-heading\">Enviar correo electr\u00f3nico<\/h2>\n<\/div><div class=\"heading-seperator\"><span><\/span><\/div><\/div><\/div><\/div>\t\t\t\t\t<div class=\"tm-iconbox-boxcontent\">\t\t\t\n\t\t\t\t\t<div class=\"tm-cta3-content-wrapper\">info@staraq.com<\/div>\t\t\t\t\t<\/div>\n\t\t\t\t\t<div class=\"themetechmount-iconbox-button\">\n\t\t\t\t\t\t\t\t\t\t<\/div>\n\t\t\t<\/div>\t\n\t\t<\/div>\n\t<\/div>\t\n<\/div>\n <div class=\"themetechmount-iconbox themetechmount-iconbox-styletwo\">\n\t<div class=\"themetechmount-iconbox-inner tm-textalign-left\">\n\t\t<div class=\"tm-iconbox-wrapper\">\n\t\t\t<div class=\"themetechmount-iconbox-icon\">\n\t\t\t\t<div class=\"tm-box-icon\"><i class=\"kw_aqovo flaticon-address\"><\/i><\/div>\t\n\t\t\t<\/div>\n\t\t\t<div class=\"themetechmount-iconbox-heading\">\n\t\t\t\t<div class=\"tm-vc_general tm-vc_cta3 tm-cta3-only tm-vc_cta3-style-classic tm-vc_cta3-shape-rounded tm-vc_cta3-align-left tm-vc_cta3-color-transparent tm-vc_cta3-icon-size-md tm-vc_cta3-actions-no tm-cta3-without-desc\"><div class=\"tm-vc_cta3_content-container\"><div class=\"tm-vc_cta3-content\"><div class=\"tm-vc_cta3-headers tm-wrap-cell\"><h2 style=\"font-size:19px;line-height:28px\" class=\"tm-custom-heading\">Llegamos hasta aqu\u00ed<\/h2>\n<\/div><div class=\"heading-seperator\"><span><\/span><\/div><\/div><\/div><\/div>\t\t\t\t\t<div class=\"tm-iconbox-boxcontent\">\t\t\t\n\t\t\t\t\t<div class=\"tm-cta3-content-wrapper\">Oficina 2302, Bloque A, Zhongmin Times Plaza, 3012 Sungang East Road, Shenzhen, China 518023<\/div>\t\t\t\t\t<\/div>\n\t\t\t\t\t<div class=\"themetechmount-iconbox-button\">\n\t\t\t\t\t\t\t\t\t\t<\/div>\n\t\t\t<\/div>\t\n\t\t<\/div>\n\t<\/div>\t\n<\/div>\n <div class=\"themetechmount-iconbox themetechmount-iconbox-styletwo\">\n\t<div class=\"themetechmount-iconbox-inner tm-textalign-left\">\n\t\t<div class=\"tm-iconbox-wrapper\">\n\t\t\t<div class=\"themetechmount-iconbox-icon\">\n\t\t\t\t<div class=\"tm-box-icon\"><i class=\"fa fa-whatsapp\"><\/i><\/div>\t\n\t\t\t<\/div>\n\t\t\t<div class=\"themetechmount-iconbox-heading\">\n\t\t\t\t<div class=\"tm-vc_general tm-vc_cta3 tm-cta3-only tm-vc_cta3-style-classic tm-vc_cta3-shape-rounded tm-vc_cta3-align-left tm-vc_cta3-color-transparent tm-vc_cta3-icon-size-md tm-vc_cta3-actions-no tm-cta3-without-desc\"><div class=\"tm-vc_cta3_content-container\"><div class=\"tm-vc_cta3-content\"><div class=\"tm-vc_cta3-headers tm-wrap-cell\"><h2 style=\"font-size:19px;line-height:28px\" class=\"tm-custom-heading\">WhatsApp en l\u00ednea<\/h2>\n<\/div><div class=\"heading-seperator\"><span><\/span><\/div><\/div><\/div><\/div>\t\t\t\t\t<div class=\"tm-iconbox-boxcontent\">\t\t\t\n\t\t\t\t\t<div class=\"tm-cta3-content-wrapper\">+86 13544010393<\/div>\t\t\t\t\t<\/div>\n\t\t\t\t\t<div class=\"themetechmount-iconbox-button\">\n\t\t\t\t\t\t\t\t\t\t<\/div>\n\t\t\t<\/div>\t\n\t\t<\/div>\n\t<\/div>\t\n<\/div>\n \t\t<\/div>\n\t<\/div>\n<\/div>\n\n<\/div>\n\n\t\t<\/div>\n\t<\/div>\n<\/div>\n\n\n\n\t\t\n\t <\/div> <\/div>\n\n\n<div class=\"vc_row-full-width vc_clearfix\"><\/div>\n\n\n\n\n\n\n\n\n<div data-vc-full-width=\"true\" data-vc-full-width-init=\"false\" class=\"tm-row wpb_row vc_row-fluid vc_custom_1626075025204 tm-responsive-custom-72618462 vc_column-gap-default tm-zindex-0 tm-bgimage-position-center_center\">\n\n\t\t\n\t <div class=\"vc_row container vc_column-gap-default\"> \t\n\t\t\n\n<div class=\"wpb_column tm-column vc_column_container vc_col-sm-12 tm-zindex-0\">\n\t<div class=\"vc_column-inner\">\n\t\t\t\t<div class=\"wpb_wrapper\">\n\t\t\t\n<div class=\"tm-row-inner vc_row wpb_row vc_inner vc_row-fluid vc_custom_1626078894797 tm-responsive-custom-91279942 tm-zindex-0\">\n\t\n<div class=\"tm-col-arrow-style wpb_column tm-column-inner vc_column_container vc_col-sm-4 tm-zindex-0\">\n\t<div class=\"vc_column-inner vc_custom_1626078878669 tm-col-bgcolor-skincolor tm-col-bgcolor-yes\">\n\t\t<div class=\"tm-col-wrapper-bg-layer tm-bg-layer\"><div class=\"tm-bg-layer-inner\"><\/div><\/div> \n\t\t<div class=\"wpb_wrapper\">\n\t\t\t<ul class=\"tm-list tm-list-style-disc tm-list-icon-color-white tm- tm-icon-white tm-list-textsize-xlarge\" style=\"list-style-type:disc\"><li><span class=\"tm-list-li-content\">Hong Kong Direcci\u00f3n<\/span><\/li><\/ul><p style=\"text-align:left;font-size:16px;line-height:26px;\" class=\"tm-custom-heading vc_custom_1681799360907\" >Unidad 616, 6\/F, Kam Teem Industrial Building, 135 Connaught Rd West, Sai Wan, Hong Kong<\/p>\n<ul class=\"tm-list tm-list-style-disc tm-list-icon-color-white tm- tm-icon-white tm-list-textsize-xlarge\" style=\"list-style-type:disc\"><li><span class=\"tm-list-li-content\">Direcci\u00f3n de Shenzhen<\/span><\/li><\/ul><p style=\"text-align:left;font-size:16px;line-height:26px;\" class=\"tm-custom-heading vc_custom_1750485789586\" >Oficina 2302, Bloque A, Zhongmin Times Plaza, 3012 Sungang East Road, Shenzhen, China 518023<\/p>\n\t\t<\/div>\n\t<\/div>\n<\/div>\n\n\n<div class=\"wpb_column tm-column-inner vc_column_container vc_col-sm-8 tm-zindex-0\">\n\t<div class=\"vc_column-inner vc_custom_1626078927799 tm-responsive-custom-48846152\">\n\t\t \n\t\t<div class=\"wpb_wrapper\">\n\t\t\t<div class=\"wpb_gmaps_widget wpb_content_element vc_map_responsive vc_custom_1750485540379\"><div class=\"wpb_wrapper\"><div class=\"wpb_map_wraper\"><iframe loading=\"lazy\" width=\"520\" height=\"400\" frameborder=\"0\" scrolling=\"no\" marginheight=\"0\" marginwidth=\"0\" id=\"gmap_canvas\" src=\"https:\/\/maps.google.com\/maps?width=520&amp;height=400&amp;hl=en&amp;q=Block%20A,%20Zhongmin%20Times%20Plaza%20+()&amp;t=&amp;z=16&amp;ie=UTF8&amp;iwloc=B&amp;output=embed\"><\/iframe> <a href='https:\/\/mapseinbinden.net\/'>https:\/\/Mapseinbinden.net<\/a> <script type='text\/javascript' src='https:\/\/embedmaps.com\/google-maps-authorization\/script.js?id=405313c43a7f84823c4ab20b27f46bde20f4209c'><\/script><\/div><\/div><\/div>\t\t<\/div>\n\t<\/div>\n<\/div>\n\n<\/div>\n\n\t\t<\/div>\n\t<\/div>\n<\/div>\n\n\n\n\t\t\n\t <\/div> <\/div>\n\n\n<div class=\"vc_row-full-width vc_clearfix\"><\/div>\n\n\n\n\n\n\n\n\n<div data-vc-full-width=\"true\" data-vc-full-width-init=\"false\" class=\"tm-row wpb_row vc_row-fluid vc_custom_1626078776419 tm-responsive-custom-20542351 vc_column-gap-default break-991-colum tm-zindex-0 tm-bgimage-position-center_center\">\n\n\t\t\n\t <div class=\"vc_row container vc_column-gap-default vc_row-o-equal-height vc_row-flex\"> \t\n\t\t\n\n<div class=\"wpb_column tm-column vc_column_container vc_col-sm-6 tm-zindex-0\">\n\t<div class=\"vc_column-inner  tm-responsive-custom-67647786\">\n\t\t\t\t<div class=\"wpb_wrapper\">\n\t\t\t\n\t<div  class=\"wpb_single_image wpb_content_element vc_align_left wpb_content_element\">\n\t\t\n\t\t<figure class=\"wpb_wrapper vc_figure\">\n\t\t\t<div class=\"vc_single_image-wrapper vc_box_rounded  vc_box_border_grey\"><img loading=\"lazy\" decoding=\"async\" width=\"800\" height=\"450\" src=\"https:\/\/staraq.com\/wp-content\/uploads\/2023\/02\/fish-cage-bracket.jpg\" class=\"vc_single_image-img attachment-full\" alt=\"soporte para jaula de peces\" title=\"soporte para jaula de peces\" srcset=\"https:\/\/staraq.com\/wp-content\/uploads\/2023\/02\/fish-cage-bracket.jpg 800w, https:\/\/staraq.com\/wp-content\/uploads\/2023\/02\/fish-cage-bracket-300x169.jpg 300w, https:\/\/staraq.com\/wp-content\/uploads\/2023\/02\/fish-cage-bracket-768x432.jpg 768w\" sizes=\"(max-width: 800px) 100vw, 800px\" data-id=\"2764\" \/><\/div>\n\t\t<\/figure>\n\t<\/div>\n\t\t<\/div>\n\t<\/div>\n<\/div>\n\n\n\n\n\n<div class=\"wpb_column tm-column vc_column_container vc_col-sm-6 tm-zindex-0\">\n\t<div class=\"vc_column-inner  tm-responsive-custom-71523481\">\n\t\t\t\t<div class=\"wpb_wrapper\">\n\t\t\t\n\t<div  class=\"wpb_single_image wpb_content_element vc_align_right wpb_content_element\">\n\t\t\n\t\t<figure class=\"wpb_wrapper vc_figure\">\n\t\t\t<div class=\"vc_single_image-wrapper vc_box_rounded  vc_box_border_grey\"><img loading=\"lazy\" decoding=\"async\" width=\"1920\" height=\"1080\" src=\"https:\/\/staraq.com\/wp-content\/uploads\/2023\/02\/fish-cage-factory.jpg\" class=\"vc_single_image-img attachment-full\" alt=\"f\u00e1brica de jaulas de peces\" title=\"f\u00e1brica de jaulas de peces\" srcset=\"https:\/\/staraq.com\/wp-content\/uploads\/2023\/02\/fish-cage-factory.jpg 1920w, https:\/\/staraq.com\/wp-content\/uploads\/2023\/02\/fish-cage-factory-300x169.jpg 300w, https:\/\/staraq.com\/wp-content\/uploads\/2023\/02\/fish-cage-factory-1024x576.jpg 1024w, https:\/\/staraq.com\/wp-content\/uploads\/2023\/02\/fish-cage-factory-768x432.jpg 768w, https:\/\/staraq.com\/wp-content\/uploads\/2023\/02\/fish-cage-factory-1536x864.jpg 1536w\" sizes=\"(max-width: 1920px) 100vw, 1920px\" data-id=\"2763\" \/><\/div>\n\t\t<\/figure>\n\t<\/div>\n\t\t<\/div>\n\t<\/div>\n<\/div>\n\n\n\n\t\t\n\t <\/div> <\/div>\n\n\n<div class=\"vc_row-full-width vc_clearfix\"><\/div>\n<\/div>","protected":false},"excerpt":{"rendered":"P\u00f3ngase en contacto \u00bfTiene alguna pregunta? Nuestros experimentados equipos est\u00e1n a su disposici\u00f3n todos los d\u00edas. \u00a1Pida presupuesto hoy mismo! Env\u00edenos un correo electr\u00f3nico a info@staraq.com Llegamos hasta aqu\u00ed Habitaci\u00f3n 2302, Bloque A, Zhongmin Times Plaza, 3012 Sungang East Road, Shenzhen, China 518023 WhatsApp en l\u00ednea +86 13544010393 Hong Kong Direcci\u00f3nUnidad 616, 6\/F, Kam Teem Industrial Building, 135 Connaught ... <a href=\"https:\/\/staraq.com\/es\/contacte-con-nosotros\/\" class=\"more-link\">Seguir leyendo <span class=\"screen-reader-text\">P\u00f3ngase en contacto con nosotros<\/span><\/a>","protected":false},"author":1,"featured_media":0,"parent":0,"menu_order":0,"comment_status":"closed","ping_status":"closed","template":"","meta":{"footnotes":""},"class_list":["post-9","page","type-page","status-publish","hentry"],"_links":{"self":[{"href":"https:\/\/staraq.com\/es\/wp-json\/wp\/v2\/pages\/9"}],"collection":[{"href":"https:\/\/staraq.com\/es\/wp-json\/wp\/v2\/pages"}],"about":[{"href":"https:\/\/staraq.com\/es\/wp-json\/wp\/v2\/types\/page"}],"author":[{"embeddable":true,"href":"https:\/\/staraq.com\/es\/wp-json\/wp\/v2\/users\/1"}],"replies":[{"embeddable":true,"href":"https:\/\/staraq.com\/es\/wp-json\/wp\/v2\/comments?post=9"}],"version-history":[{"count":7,"href":"https:\/\/staraq.com\/es\/wp-json\/wp\/v2\/pages\/9\/revisions"}],"predecessor-version":[{"id":3389,"href":"https:\/\/staraq.com\/es\/wp-json\/wp\/v2\/pages\/9\/revisions\/3389"}],"wp:attachment":[{"href":"https:\/\/staraq.com\/es\/wp-json\/wp\/v2\/media?parent=9"}],"curies":[{"name":"wp","href":"https:\/\/api.w.org\/{rel}","templated":true}]}}