{"id":2000,"date":"2021-06-26T05:45:53","date_gmt":"2021-06-26T05:45:53","guid":{"rendered":"https:\/\/themetechmount.com\/wordpress\/aqovo\/?page_id=2000"},"modified":"2023-02-08T04:56:50","modified_gmt":"2023-02-08T04:56:50","slug":"projects","status":"publish","type":"page","link":"https:\/\/staraq.com\/fr\/projets\/","title":{"rendered":"Projets"},"content":{"rendered":"<div class=\"wpb-content-wrapper\"><div data-vc-full-width=\"true\" data-vc-full-width-init=\"false\" class=\"tm-row wpb_row vc_row-fluid vc_custom_1626080033815 tm-responsive-custom-69899571 vc_column-gap-default tm-zindex-0 tm-bgimage-position-center_center\">\n\n\t\t\n\t <div class=\"vc_row container vc_column-gap-default\"> \t\n\t\t\n\n<div class=\"wpb_column tm-column vc_column_container vc_col-sm-12 tm-zindex-0\">\n\t<div class=\"vc_column-inner\">\n\t\t\t\t<div class=\"wpb_wrapper\">\n\t\t\t<div class=\"themetechmount-boxes themetechmount-boxes-portfolio themetechmount-boxes-view-default themetechmount-boxes-col-three themetechmount-boxes-sortable-no themetechmount-boxes-textalign-center tm-cta3-rev-heading\">\n\t\t<div class=\"themetechmount-boxes-inner themetechmount-boxes-portfolio-inner\">\n\t\t\t\t\n\t\t\t\t<div class=\"row multi-columns-row themetechmount-boxes-row-wrapper tm-box-masnory\">\n\t\t\t\t\t<div class=\"tm-box-col-wrapper col-lg-4 col-sm-6 col-md-4 col-xs-12 fish-cage\"><article class=\"themetechmount-box themetechmount-box-portfolio themetechmount-portfoliobox-style1 tm-post-format-image\">\n\t<div class=\"themetechmount-post-item\">\t\n\t\t<div class=\"themetechmount-post-item-inner\">\n\t\t\t<div class=\"tm-featured-wrapper tm-tm_portfolio-featured-wrapper\"><a href=\"https:\/\/staraq.com\/fr\/portfolio\/z-5\/\"><img loading=\"lazy\" decoding=\"async\" width=\"770\" height=\"770\" src=\"https:\/\/staraq.com\/wp-content\/uploads\/2024\/11\/tanzania-fish-cage-project-6-770x770.jpg\" class=\"attachment-themetechmount-img-portfolio size-themetechmount-img-portfolio wp-post-image\" alt=\"\" srcset=\"https:\/\/staraq.com\/wp-content\/uploads\/2024\/11\/tanzania-fish-cage-project-6-770x770.jpg 770w, https:\/\/staraq.com\/wp-content\/uploads\/2024\/11\/tanzania-fish-cage-project-6-150x150.jpg 150w, https:\/\/staraq.com\/wp-content\/uploads\/2024\/11\/tanzania-fish-cage-project-6-360x360.jpg 360w\" sizes=\"(max-width: 770px) 100vw, 770px\" data-id=\"3354\" \/><\/a><\/div>\t\t\t<div class=\"themetechmount-box-content themetechmount-overlay\">\n\t\t\t\t<div class=\"themetechmount-box-content-inner\">\n\t\t\t\t\t<div class=\"themetechmount-icon-box themetechmount-media-link\"><a class=\"tm_prettyphoto\" title=\"Tanzanie\" href=\"https:\/\/staraq.com\/wp-content\/uploads\/2024\/11\/tanzania-fish-cage-project-6-scaled.jpg\"><i class=\"tm-aqovo-icon-search-2\"><\/i><\/a><a href=\" https:\/\/staraq.com\/fr\/portfolio\/z-5\/\" class=\"themetechmount_pf_link\"><i class=\"tm-aqovo-icon-shuffle-1\"><\/i><\/a><\/div>\n\t\t\t\t<\/div>\t\t\t\n\t\t\t<\/div>\n\t\t<\/div>\t\t\n\t\t<div class=\"themetechmount-box-bottom-content\">\t\n\t\t\t<div class=\"themetechmount-inner-box\">\n\t\t\t\t\t\t\t\t\t\t<div class=\"themetechmount-box-category\">Cage \u00e0 poissons<\/div>\n\t\t\t\t\t\n\t\t\t\t\n\t\t\t<\/div>\n\t\t\t<div class=\"themetechmount-box-title\"><h4><a href=\"https:\/\/staraq.com\/fr\/portfolio\/z-5\/\">Tanzanie<\/a><\/h4><\/div>\t\t<\/div>\n\t<\/div>\n<\/article><\/div><div class=\"tm-box-col-wrapper col-lg-4 col-sm-6 col-md-4 col-xs-12 fish-cage\"><article class=\"themetechmount-box themetechmount-box-portfolio themetechmount-portfoliobox-style1 tm-post-format-image\">\n\t<div class=\"themetechmount-post-item\">\t\n\t\t<div class=\"themetechmount-post-item-inner\">\n\t\t\t<div class=\"tm-featured-wrapper tm-tm_portfolio-featured-wrapper\"><a href=\"https:\/\/staraq.com\/fr\/portfolio\/u-7\/\"><img loading=\"lazy\" decoding=\"async\" width=\"770\" height=\"718\" src=\"https:\/\/staraq.com\/wp-content\/uploads\/2023\/02\/UAE-fish-cage-6-1-770x718.jpg\" class=\"attachment-themetechmount-img-portfolio size-themetechmount-img-portfolio wp-post-image\" alt=\"\u00c9levage en cage dans les \u00c9mirats arabes unis\" data-id=\"2775\" \/><\/a><\/div>\t\t\t<div class=\"themetechmount-box-content themetechmount-overlay\">\n\t\t\t\t<div class=\"themetechmount-box-content-inner\">\n\t\t\t\t\t<div class=\"themetechmount-icon-box themetechmount-media-link\"><a class=\"tm_prettyphoto\" title=\"Projet U-7\" href=\"https:\/\/staraq.com\/wp-content\/uploads\/2023\/02\/UAE-fish-cage-6-1.jpg\"><i class=\"tm-aqovo-icon-search-2\"><\/i><\/a><a href=\" https:\/\/staraq.com\/fr\/portfolio\/u-7\/\" class=\"themetechmount_pf_link\"><i class=\"tm-aqovo-icon-shuffle-1\"><\/i><\/a><\/div>\n\t\t\t\t<\/div>\t\t\t\n\t\t\t<\/div>\n\t\t<\/div>\t\t\n\t\t<div class=\"themetechmount-box-bottom-content\">\t\n\t\t\t<div class=\"themetechmount-inner-box\">\n\t\t\t\t\t\t\t\t\t\t<div class=\"themetechmount-box-category\">Cage \u00e0 poissons<\/div>\n\t\t\t\t\t\n\t\t\t\t\n\t\t\t<\/div>\n\t\t\t<div class=\"themetechmount-box-title\"><h4><a href=\"https:\/\/staraq.com\/fr\/portfolio\/u-7\/\">Projet U-7<\/a><\/h4><\/div>\t\t<\/div>\n\t<\/div>\n<\/article><\/div><div class=\"tm-box-col-wrapper col-lg-4 col-sm-6 col-md-4 col-xs-12 fish-cage\"><article class=\"themetechmount-box themetechmount-box-portfolio themetechmount-portfoliobox-style1 tm-post-format-image\">\n\t<div class=\"themetechmount-post-item\">\t\n\t\t<div class=\"themetechmount-post-item-inner\">\n\t\t\t<div class=\"tm-featured-wrapper tm-tm_portfolio-featured-wrapper\"><a href=\"https:\/\/staraq.com\/fr\/portfolio\/z-5\/\"><img loading=\"lazy\" decoding=\"async\" width=\"770\" height=\"718\" src=\"https:\/\/staraq.com\/wp-content\/uploads\/2023\/02\/IMG_0839-1-scaled-e1675870846150-770x718.jpg\" class=\"attachment-themetechmount-img-portfolio size-themetechmount-img-portfolio wp-post-image\" alt=\"projet d&#039;aquaculture en zambie\" data-id=\"2774\" \/><\/a><\/div>\t\t\t<div class=\"themetechmount-box-content themetechmount-overlay\">\n\t\t\t\t<div class=\"themetechmount-box-content-inner\">\n\t\t\t\t\t<div class=\"themetechmount-icon-box themetechmount-media-link\"><a class=\"tm_prettyphoto\" title=\"Projet Z-5\" href=\"https:\/\/staraq.com\/wp-content\/uploads\/2023\/02\/IMG_0839-1-scaled-e1675870846150.jpg\"><i class=\"tm-aqovo-icon-search-2\"><\/i><\/a><a href=\" https:\/\/staraq.com\/fr\/portfolio\/z-5\/\" class=\"themetechmount_pf_link\"><i class=\"tm-aqovo-icon-shuffle-1\"><\/i><\/a><\/div>\n\t\t\t\t<\/div>\t\t\t\n\t\t\t<\/div>\n\t\t<\/div>\t\t\n\t\t<div class=\"themetechmount-box-bottom-content\">\t\n\t\t\t<div class=\"themetechmount-inner-box\">\n\t\t\t\t\t\t\t\t\t\t<div class=\"themetechmount-box-category\">Cage \u00e0 poissons<\/div>\n\t\t\t\t\t\n\t\t\t\t\n\t\t\t<\/div>\n\t\t\t<div class=\"themetechmount-box-title\"><h4><a href=\"https:\/\/staraq.com\/fr\/portfolio\/z-5\/\">Projet Z-5<\/a><\/h4><\/div>\t\t<\/div>\n\t<\/div>\n<\/article><\/div><div class=\"tm-box-col-wrapper col-lg-4 col-sm-6 col-md-4 col-xs-12 fish-cage\"><article class=\"themetechmount-box themetechmount-box-portfolio themetechmount-portfoliobox-style1 tm-post-format-image\">\n\t<div class=\"themetechmount-post-item\">\t\n\t\t<div class=\"themetechmount-post-item-inner\">\n\t\t\t<div class=\"tm-featured-wrapper tm-tm_portfolio-featured-wrapper\"><a href=\"https:\/\/staraq.com\/fr\/portfolio\/ph-8\/\"><img loading=\"lazy\" decoding=\"async\" width=\"770\" height=\"718\" src=\"https:\/\/staraq.com\/wp-content\/uploads\/2023\/02\/philippines-floating-cage-770x718.jpg\" class=\"attachment-themetechmount-img-portfolio size-themetechmount-img-portfolio wp-post-image\" alt=\"cage flottante aux philippines\" data-id=\"2752\" \/><\/a><\/div>\t\t\t<div class=\"themetechmount-box-content themetechmount-overlay\">\n\t\t\t\t<div class=\"themetechmount-box-content-inner\">\n\t\t\t\t\t<div class=\"themetechmount-icon-box themetechmount-media-link\"><a class=\"tm_prettyphoto\" title=\"Projet PH-8\" href=\"https:\/\/staraq.com\/wp-content\/uploads\/2023\/02\/philippines-floating-cage.jpg\"><i class=\"tm-aqovo-icon-search-2\"><\/i><\/a><a href=\" https:\/\/staraq.com\/fr\/portfolio\/ph-8\/\" class=\"themetechmount_pf_link\"><i class=\"tm-aqovo-icon-shuffle-1\"><\/i><\/a><\/div>\n\t\t\t\t<\/div>\t\t\t\n\t\t\t<\/div>\n\t\t<\/div>\t\t\n\t\t<div class=\"themetechmount-box-bottom-content\">\t\n\t\t\t<div class=\"themetechmount-inner-box\">\n\t\t\t\t\t\t\t\t\t\t<div class=\"themetechmount-box-category\">Cage \u00e0 poissons<\/div>\n\t\t\t\t\t\n\t\t\t\t\n\t\t\t<\/div>\n\t\t\t<div class=\"themetechmount-box-title\"><h4><a href=\"https:\/\/staraq.com\/fr\/portfolio\/ph-8\/\">Projet PH-8<\/a><\/h4><\/div>\t\t<\/div>\n\t<\/div>\n<\/article><\/div>\n\t\t\t\t<\/div>\n\t\t\t<\/div><!-- .themetechmount-boxes-inner -->   <\/div><!-- .themetechmount-boxes -->  \t\t<\/div>\n\t<\/div>\n<\/div>\n\n\n\n\t\t\n\t <\/div> <\/div>\n\n\n<div class=\"vc_row-full-width vc_clearfix\"><\/div>\n\n\n\n\n\n\n\n\n<div data-vc-full-width=\"true\" data-vc-full-width-init=\"false\" class=\"tm-row wpb_row vc_row-fluid vc_custom_1626080000623 tm-responsive-custom-19039231 vc_column-gap-default tm-zindex-0 tm-bgcolor-grey tm-bgimage-position-center_center\">\n\n\t\t\n\t <div class=\"vc_row container vc_column-gap-default\"> \t\n\t\t\n\n<div class=\"wpb_column tm-column vc_column_container vc_col-sm-12 tm-zindex-0\">\n\t<div class=\"vc_column-inner\">\n\t\t\t\t<div class=\"wpb_wrapper\">\n\t\t\t<div class=\"tm-element-heading-wrapper tm-heading-inner tm-element-align-center tm-seperator-solid tm-heading-style-vertical\"><section class=\"tm-vc_cta3-container\"><div class=\"tm-vc_general tm-vc_cta3 tm-cta3-only tm-vc_cta3-style-classic tm-vc_cta3-shape-rounded tm-vc_cta3-align-center tm-vc_cta3-color-transparent tm-vc_cta3-icon-size-md tm-vc_cta3-actions-no tm-cta3-with-desc\"><div class=\"tm-vc_cta3_content-container\"><div class=\"tm-vc_cta3-content\"><header class=\"tm-vc_cta3-content-header tm-wrap\"><div class=\"tm-vc_cta3-headers tm-wrap-cell\"><h4 class=\"tm-custom-heading\" >Best Aqua Farm<\/h4>\n<h2 class=\"tm-custom-heading\" >Commencez \u00e0 am\u00e9liorer votre entreprise d\u00e8s aujourd'hui<\/h2>\n<\/div><div class=\"heading-seperator\"><span><\/span><\/div><\/header><div class=\"tm-cta3-content-wrapper\"><p>Nous apportons \u00e0 nos clients plus de 15 ans d'exp\u00e9rience en mati\u00e8re de projets internationaux. Notre soci\u00e9t\u00e9 est une entreprise professionnelle. Nous sommes fiers de pouvoir compter sur la collaboration d'influenceurs industriels. Des services fiables et cl\u00e9s en main au service des clients<\/p><\/div><\/div><\/div><\/div><\/section><\/div> <!-- .tm-element-heading-wrapper container --> \n<div class=\"tm-row-inner vc_row wpb_row vc_inner vc_row-fluid vc_custom_1626084427340 tm-responsive-custom-39289457 tm-zindex-0\">\n\t\n<div class=\"tm-border-none-991px tm-reset-content-center-991 wpb_column tm-column-inner vc_column_container vc_col-sm-6 vc_col-has-fill tm-zindex-0 margin-15px-991-colum\">\n\t<div class=\"vc_column-inner vc_custom_1626084351492\">\n\t\t \n\t\t<div class=\"wpb_wrapper\">\n\t\t\t<h2 style=\"text-align:right;font-size:22px;line-height:28px;\" class=\"tm-custom-heading\" >+86 135-4401-0393<\/h2>\n\t\t<\/div>\n\t<\/div>\n<\/div>\n\n\n<div class=\"tm-reset-content-center-991 wpb_column tm-column-inner vc_column_container vc_col-sm-6 tm-zindex-0 margin-15px-991-colum\">\n\t<div class=\"vc_column-inner vc_custom_1626084380051\">\n\t\t \n\t\t<div class=\"wpb_wrapper\">\n\t\t\t<h2 style=\"text-align:left;font-size:22px;line-height:28px;\" class=\"tm-custom-heading\" ><a href=\"mailto:info@example.com\">info@staraq.com<\/a><\/h2>\n\t\t<\/div>\n\t<\/div>\n<\/div>\n\n<\/div>\n\n\t\t<\/div>\n\t<\/div>\n<\/div>\n\n\n\n\t\t\n\t <\/div> <\/div>\n\n\n<div class=\"vc_row-full-width vc_clearfix\"><\/div>\n<\/div>","protected":false},"excerpt":{"rendered":"Vue d'ensemble Les Philippines sont l'un des principaux contributeurs \u00e0 la p\u00eache mondiale. En 2018, la production totale des trois secteurs, \u00e0 savoir l'aquaculture, la p\u00eache municipale et la p\u00eache commerciale, s'\u00e9levait \u00e0 environ 4,36 millions de tonnes. Les Philippines se sont ainsi class\u00e9es au 13e rang des principaux pays producteurs de poissons et au 4e rang des principaux producteurs d'algues marines dans le monde. -Vue d'ensemble de la p\u00eache ... <a href=\"https:\/\/staraq.com\/fr\/portfolio\/ph-8\/\" class=\"more-link\">Poursuivre la lecture <span class=\"screen-reader-text\">Projet PH-8<\/span><\/a>","protected":false},"author":1,"featured_media":0,"parent":0,"menu_order":0,"comment_status":"closed","ping_status":"closed","template":"","meta":{"footnotes":""},"class_list":["post-2000","page","type-page","status-publish","hentry"],"_links":{"self":[{"href":"https:\/\/staraq.com\/fr\/wp-json\/wp\/v2\/pages\/2000"}],"collection":[{"href":"https:\/\/staraq.com\/fr\/wp-json\/wp\/v2\/pages"}],"about":[{"href":"https:\/\/staraq.com\/fr\/wp-json\/wp\/v2\/types\/page"}],"author":[{"embeddable":true,"href":"https:\/\/staraq.com\/fr\/wp-json\/wp\/v2\/users\/1"}],"replies":[{"embeddable":true,"href":"https:\/\/staraq.com\/fr\/wp-json\/wp\/v2\/comments?post=2000"}],"version-history":[{"count":3,"href":"https:\/\/staraq.com\/fr\/wp-json\/wp\/v2\/pages\/2000\/revisions"}],"predecessor-version":[{"id":2745,"href":"https:\/\/staraq.com\/fr\/wp-json\/wp\/v2\/pages\/2000\/revisions\/2745"}],"wp:attachment":[{"href":"https:\/\/staraq.com\/fr\/wp-json\/wp\/v2\/media?parent=2000"}],"curies":[{"name":"wp","href":"https:\/\/api.w.org\/{rel}","templated":true}]}}